{"id":2737,"date":"2024-06-04T07:44:13","date_gmt":"2024-06-04T04:44:13","guid":{"rendered":"https:\/\/knautsstudio.com\/?post_type=product&#038;p=2737"},"modified":"2024-06-04T07:51:01","modified_gmt":"2024-06-04T04:51:01","slug":"dekorativas-kosmetikas-un-kopsanas-produktu-top-tavs-kabatas-konsultants","status":"publish","type":"product","link":"https:\/\/knautsstudio.com\/lv\/product\/dekorativas-kosmetikas-un-kopsanas-produktu-top-tavs-kabatas-konsultants\/","title":{"rendered":"Dekorat\u012bv\u0101s kosm\u0113tikas un kop\u0161anas produktu top. Tavs kabatas konsultants."},"content":{"rendered":"","protected":false},"excerpt":{"rendered":"","protected":false},"featured_media":2603,"template":"","meta":{"_acf_changed":false},"product-type-category":[591],"product_cat":[],"product_tag":[],"acf":[],"_links":{"self":[{"href":"https:\/\/knautsstudio.com\/lv\/wp-json\/wp\/v2\/product\/2737"}],"collection":[{"href":"https:\/\/knautsstudio.com\/lv\/wp-json\/wp\/v2\/product"}],"about":[{"href":"https:\/\/knautsstudio.com\/lv\/wp-json\/wp\/v2\/types\/product"}],"wp:featuredmedia":[{"embeddable":true,"href":"https:\/\/knautsstudio.com\/lv\/wp-json\/wp\/v2\/media\/2603"}],"wp:attachment":[{"href":"https:\/\/knautsstudio.com\/lv\/wp-json\/wp\/v2\/media?parent=2737"}],"wp:term":[{"taxonomy":"product-type-category","embeddable":true,"href":"https:\/\/knautsstudio.com\/lv\/wp-json\/wp\/v2\/product-type-category?post=2737"},{"taxonomy":"product_cat","embeddable":true,"href":"https:\/\/knautsstudio.com\/lv\/wp-json\/wp\/v2\/product_cat?post=2737"},{"taxonomy":"product_tag","embeddable":true,"href":"https:\/\/knautsstudio.com\/lv\/wp-json\/wp\/v2\/product_tag?post=2737"}],"curies":[{"name":"wp","href":"https:\/\/api.w.org\/{rel}","templated":true}]}}