{"id":535,"date":"2023-05-02T13:05:26","date_gmt":"2023-05-02T10:05:26","guid":{"rendered":"https:\/\/knautsstudio.com\/product\/pasgrims\/"},"modified":"2024-05-13T11:04:06","modified_gmt":"2024-05-13T08:04:06","slug":"uzkrasojos-pati","status":"publish","type":"product","link":"https:\/\/knautsstudio.com\/lv\/product\/uzkrasojos-pati\/","title":{"rendered":"Uzkr\u0101sojos pati"},"content":{"rendered":"<p><strong>B\u0101zes 4 dienu makeup apm\u0101c\u012bbu kurss no nulles<\/strong><\/p>\n","protected":false},"excerpt":{"rendered":"<p>B\u0101zes 4 dienu makeup apm\u0101c\u012bbu kurss no nulles<\/p>\n","protected":false},"featured_media":1084,"template":"","meta":{"_acf_changed":false},"product-type-category":[590],"product_cat":[39],"product_tag":[],"acf":[],"_links":{"self":[{"href":"https:\/\/knautsstudio.com\/lv\/wp-json\/wp\/v2\/product\/535"}],"collection":[{"href":"https:\/\/knautsstudio.com\/lv\/wp-json\/wp\/v2\/product"}],"about":[{"href":"https:\/\/knautsstudio.com\/lv\/wp-json\/wp\/v2\/types\/product"}],"wp:featuredmedia":[{"embeddable":true,"href":"https:\/\/knautsstudio.com\/lv\/wp-json\/wp\/v2\/media\/1084"}],"wp:attachment":[{"href":"https:\/\/knautsstudio.com\/lv\/wp-json\/wp\/v2\/media?parent=535"}],"wp:term":[{"taxonomy":"product-type-category","embeddable":true,"href":"https:\/\/knautsstudio.com\/lv\/wp-json\/wp\/v2\/product-type-category?post=535"},{"taxonomy":"product_cat","embeddable":true,"href":"https:\/\/knautsstudio.com\/lv\/wp-json\/wp\/v2\/product_cat?post=535"},{"taxonomy":"product_tag","embeddable":true,"href":"https:\/\/knautsstudio.com\/lv\/wp-json\/wp\/v2\/product_tag?post=535"}],"curies":[{"name":"wp","href":"https:\/\/api.w.org\/{rel}","templated":true}]}}