{"id":539,"date":"2023-05-02T13:11:42","date_gmt":"2023-05-02T10:11:42","guid":{"rendered":"https:\/\/knautsstudio.com\/product\/advancets-grims\/"},"modified":"2024-05-13T11:01:36","modified_gmt":"2024-05-13T08:01:36","slug":"advanced-makeup","status":"publish","type":"product","link":"https:\/\/knautsstudio.com\/lv\/product\/advanced-makeup\/","title":{"rendered":"Advanced makeup"},"content":{"rendered":"<p><strong>Iem\u0101cies kr\u0101soties k\u0101 viz\u0101\u017eists 2 dienu laik\u0101!<\/strong><\/p>\n","protected":false},"excerpt":{"rendered":"<p>Iem\u0101cies kr\u0101soties k\u0101 viz\u0101\u017eists 2 dienu laik\u0101!<\/p>\n","protected":false},"featured_media":1087,"template":"","meta":{"_acf_changed":false},"product-type-category":[590],"product_cat":[39],"product_tag":[],"acf":[],"_links":{"self":[{"href":"https:\/\/knautsstudio.com\/lv\/wp-json\/wp\/v2\/product\/539"}],"collection":[{"href":"https:\/\/knautsstudio.com\/lv\/wp-json\/wp\/v2\/product"}],"about":[{"href":"https:\/\/knautsstudio.com\/lv\/wp-json\/wp\/v2\/types\/product"}],"wp:featuredmedia":[{"embeddable":true,"href":"https:\/\/knautsstudio.com\/lv\/wp-json\/wp\/v2\/media\/1087"}],"wp:attachment":[{"href":"https:\/\/knautsstudio.com\/lv\/wp-json\/wp\/v2\/media?parent=539"}],"wp:term":[{"taxonomy":"product-type-category","embeddable":true,"href":"https:\/\/knautsstudio.com\/lv\/wp-json\/wp\/v2\/product-type-category?post=539"},{"taxonomy":"product_cat","embeddable":true,"href":"https:\/\/knautsstudio.com\/lv\/wp-json\/wp\/v2\/product_cat?post=539"},{"taxonomy":"product_tag","embeddable":true,"href":"https:\/\/knautsstudio.com\/lv\/wp-json\/wp\/v2\/product_tag?post=539"}],"curies":[{"name":"wp","href":"https:\/\/api.w.org\/{rel}","templated":true}]}}