{"id":543,"date":"2023-05-02T13:20:40","date_gmt":"2023-05-02T10:20:40","guid":{"rendered":"https:\/\/knautsstudio.com\/product\/grima-makslinieks-pro\/"},"modified":"2024-05-22T14:18:42","modified_gmt":"2024-05-22T11:18:42","slug":"vizazists-pro-bazes-kurss","status":"publish","type":"product","link":"https:\/\/knautsstudio.com\/lv\/product\/vizazists-pro-bazes-kurss\/","title":{"rendered":"Viz\u0101\u017eistu kurss PRO PHOTO MAKEUP ARTIST"},"content":{"rendered":"<p><strong>K\u013c\u016bsti par makeup artist PRO no nulles<\/strong><\/p>\n","protected":false},"excerpt":{"rendered":"<p>K\u013c\u016bsti par makeup artist PRO no nulles<\/p>\n","protected":false},"featured_media":1078,"template":"","meta":{"_acf_changed":false},"product-type-category":[590],"product_cat":[39],"product_tag":[],"acf":[],"_links":{"self":[{"href":"https:\/\/knautsstudio.com\/lv\/wp-json\/wp\/v2\/product\/543"}],"collection":[{"href":"https:\/\/knautsstudio.com\/lv\/wp-json\/wp\/v2\/product"}],"about":[{"href":"https:\/\/knautsstudio.com\/lv\/wp-json\/wp\/v2\/types\/product"}],"wp:featuredmedia":[{"embeddable":true,"href":"https:\/\/knautsstudio.com\/lv\/wp-json\/wp\/v2\/media\/1078"}],"wp:attachment":[{"href":"https:\/\/knautsstudio.com\/lv\/wp-json\/wp\/v2\/media?parent=543"}],"wp:term":[{"taxonomy":"product-type-category","embeddable":true,"href":"https:\/\/knautsstudio.com\/lv\/wp-json\/wp\/v2\/product-type-category?post=543"},{"taxonomy":"product_cat","embeddable":true,"href":"https:\/\/knautsstudio.com\/lv\/wp-json\/wp\/v2\/product_cat?post=543"},{"taxonomy":"product_tag","embeddable":true,"href":"https:\/\/knautsstudio.com\/lv\/wp-json\/wp\/v2\/product_tag?post=543"}],"curies":[{"name":"wp","href":"https:\/\/api.w.org\/{rel}","templated":true}]}}