{"id":547,"date":"2023-05-02T13:19:09","date_gmt":"2023-05-02T10:19:09","guid":{"rendered":"https:\/\/knautsstudio.com\/product\/perfektas-uzacis\/"},"modified":"2024-05-13T11:01:51","modified_gmt":"2024-05-13T08:01:51","slug":"idealas-uzacis","status":"publish","type":"product","link":"https:\/\/knautsstudio.com\/lv\/product\/idealas-uzacis\/","title":{"rendered":"Ide\u0101l\u0101s uzacis"},"content":{"rendered":"<p><strong>Iem\u0101cies pati sev kr\u0101sot, lamin\u0113t un kori\u0123\u0113t uzacis \u2013 1 diena<\/strong><\/p>\n","protected":false},"excerpt":{"rendered":"<p>Iem\u0101cies pati sev kr\u0101sot, lamin\u0113t un kori\u0123\u0113t uzacis \u2013 1 diena<\/p>\n","protected":false},"featured_media":1090,"template":"","meta":{"_acf_changed":false},"product-type-category":[590],"product_cat":[39],"product_tag":[],"acf":[],"_links":{"self":[{"href":"https:\/\/knautsstudio.com\/lv\/wp-json\/wp\/v2\/product\/547"}],"collection":[{"href":"https:\/\/knautsstudio.com\/lv\/wp-json\/wp\/v2\/product"}],"about":[{"href":"https:\/\/knautsstudio.com\/lv\/wp-json\/wp\/v2\/types\/product"}],"wp:featuredmedia":[{"embeddable":true,"href":"https:\/\/knautsstudio.com\/lv\/wp-json\/wp\/v2\/media\/1090"}],"wp:attachment":[{"href":"https:\/\/knautsstudio.com\/lv\/wp-json\/wp\/v2\/media?parent=547"}],"wp:term":[{"taxonomy":"product-type-category","embeddable":true,"href":"https:\/\/knautsstudio.com\/lv\/wp-json\/wp\/v2\/product-type-category?post=547"},{"taxonomy":"product_cat","embeddable":true,"href":"https:\/\/knautsstudio.com\/lv\/wp-json\/wp\/v2\/product_cat?post=547"},{"taxonomy":"product_tag","embeddable":true,"href":"https:\/\/knautsstudio.com\/lv\/wp-json\/wp\/v2\/product_tag?post=547"}],"curies":[{"name":"wp","href":"https:\/\/api.w.org\/{rel}","templated":true}]}}