{"id":565,"date":"2023-05-02T13:13:46","date_gmt":"2023-05-02T10:13:46","guid":{"rendered":"https:\/\/knautsstudio.com\/product\/individuala-grima-nodarbiba\/"},"modified":"2024-05-13T11:01:40","modified_gmt":"2024-05-13T08:01:40","slug":"individualas-makeup-apmacibas","status":"publish","type":"product","link":"https:\/\/knautsstudio.com\/lv\/product\/individualas-makeup-apmacibas\/","title":{"rendered":"Individu\u0101las makeup apm\u0101c\u012bbas"},"content":{"rendered":"<p><strong>Viena makeup piemekl\u0113\u0161ana un prakse + kosm\u0113tikas somi\u0146as anal\u012bze<br \/>\n<\/strong><strong>Apm\u0101c\u012bbas ilgst 2,5 stundas.<\/strong><\/p>\n","protected":false},"excerpt":{"rendered":"<p>Viena makeup piemekl\u0113\u0161ana un prakse + kosm\u0113tikas somi\u0146as anal\u012bze Apm\u0101c\u012bbas ilgst 2,5 stundas.<\/p>\n","protected":false},"featured_media":1081,"template":"","meta":{"_acf_changed":false},"product-type-category":[590],"product_cat":[39],"product_tag":[],"acf":[],"_links":{"self":[{"href":"https:\/\/knautsstudio.com\/lv\/wp-json\/wp\/v2\/product\/565"}],"collection":[{"href":"https:\/\/knautsstudio.com\/lv\/wp-json\/wp\/v2\/product"}],"about":[{"href":"https:\/\/knautsstudio.com\/lv\/wp-json\/wp\/v2\/types\/product"}],"wp:featuredmedia":[{"embeddable":true,"href":"https:\/\/knautsstudio.com\/lv\/wp-json\/wp\/v2\/media\/1081"}],"wp:attachment":[{"href":"https:\/\/knautsstudio.com\/lv\/wp-json\/wp\/v2\/media?parent=565"}],"wp:term":[{"taxonomy":"product-type-category","embeddable":true,"href":"https:\/\/knautsstudio.com\/lv\/wp-json\/wp\/v2\/product-type-category?post=565"},{"taxonomy":"product_cat","embeddable":true,"href":"https:\/\/knautsstudio.com\/lv\/wp-json\/wp\/v2\/product_cat?post=565"},{"taxonomy":"product_tag","embeddable":true,"href":"https:\/\/knautsstudio.com\/lv\/wp-json\/wp\/v2\/product_tag?post=565"}],"curies":[{"name":"wp","href":"https:\/\/api.w.org\/{rel}","templated":true}]}}